{"id":528,"date":"2017-02-02T21:40:53","date_gmt":"2017-02-02T20:40:53","guid":{"rendered":"http:\/\/www.jimmy2.ch\/worldpress\/?page_id=528"},"modified":"2023-08-18T08:25:33","modified_gmt":"2023-08-18T07:25:33","slug":"unser-carthago-t47","status":"publish","type":"page","link":"https:\/\/www.jimmy2.ch\/worldpress\/unser-carthago-t47\/","title":{"rendered":"Unser Wohnmobil"},"content":{"rendered":"<p><strong>Juni 2023<\/strong><\/p>\n<p>Wir bekommen unseren Morelo Palace 88 LB<\/p>\n<p><img loading=\"lazy\" decoding=\"async\" class=\"alignnone size-medium wp-image-20893\" src=\"https:\/\/www.jimmy2.ch\/worldpress\/wp-content\/uploads\/2023\/06\/IMG_4470-300x225.jpeg\" alt=\"\" width=\"300\" height=\"225\" srcset=\"https:\/\/www.jimmy2.ch\/worldpress\/wp-content\/uploads\/2023\/06\/IMG_4470-300x225.jpeg 300w, https:\/\/www.jimmy2.ch\/worldpress\/wp-content\/uploads\/2023\/06\/IMG_4470-1024x768.jpeg 1024w, https:\/\/www.jimmy2.ch\/worldpress\/wp-content\/uploads\/2023\/06\/IMG_4470-768x576.jpeg 768w, https:\/\/www.jimmy2.ch\/worldpress\/wp-content\/uploads\/2023\/06\/IMG_4470-1536x1152.jpeg 1536w, https:\/\/www.jimmy2.ch\/worldpress\/wp-content\/uploads\/2023\/06\/IMG_4470-2048x1536.jpeg 2048w\" sizes=\"auto, (max-width: 300px) 100vw, 300px\" \/><\/p>\n<p>&nbsp;<\/p>\n<p><strong>Sonntag 9. August 2015<\/strong><\/p>\n<p>Ein wundersch\u00f6ner heisser Tag. Mein Schwager \/ Christas Bruder Franz und seine Frau Heidi sind seit ein paar Tagen bei uns zu Besuch. Bevor Sie wieder nach \u00d6sterreich zur\u00fcck fahren, machen wir heute noch einen Ausflug an den Rheinfall.<\/p>\n<p>Auf dem R\u00fcckweg gibt es in Andelfingen einen Abstecher zu Tartaruga. Bei Tartaruga waren wir schon \u00f6fters wenn Tag der offenen T\u00fcre ist. Tartaruga baut vor allem hochwertige Expeditionsfahrzeuge. Es hat aber auch immer ein paar gebrauchte Wohnmobile in der Ausstellung.<\/p>\n<p style=\"text-align: center;\"><strong>Und hier steht er: unsere Carthago Chic T47<\/strong><\/p>\n<div id=\"attachment_1350\" style=\"width: 310px\" class=\"wp-caption aligncenter\"><a href=\"https:\/\/www.jimmy2.ch\/worldpress\/wp-content\/uploads\/2017\/10\/6411F224-340C-4321-AB88-DEA834F2FABB.jpeg\"><img loading=\"lazy\" decoding=\"async\" aria-describedby=\"caption-attachment-1350\" class=\"size-medium wp-image-1350\" src=\"https:\/\/www.jimmy2.ch\/worldpress\/wp-content\/uploads\/2017\/10\/6411F224-340C-4321-AB88-DEA834F2FABB-300x225.jpeg\" alt=\"\" width=\"300\" height=\"225\" srcset=\"https:\/\/www.jimmy2.ch\/worldpress\/wp-content\/uploads\/2017\/10\/6411F224-340C-4321-AB88-DEA834F2FABB-300x225.jpeg 300w, https:\/\/www.jimmy2.ch\/worldpress\/wp-content\/uploads\/2017\/10\/6411F224-340C-4321-AB88-DEA834F2FABB-768x576.jpeg 768w, https:\/\/www.jimmy2.ch\/worldpress\/wp-content\/uploads\/2017\/10\/6411F224-340C-4321-AB88-DEA834F2FABB-1024x768.jpeg 1024w\" sizes=\"auto, (max-width: 300px) 100vw, 300px\" \/><\/a><p id=\"caption-attachment-1350\" class=\"wp-caption-text\">Carthago Chic T 47 Seitenansicht links<br \/>L\u00e4nge inkl. Fahrradtr\u00e4ger 760 cm<\/p><\/div>\n<p style=\"text-align: center;\"><strong>Wir haben ihn nicht gesucht &#8211; er hat uns gefunden.<\/strong><br \/>\n<strong> Es ist liebe auf den 1. Blick.<\/strong><br \/>\n<strong> Christa ist sofort Feuer und Flamme.<\/strong><\/p>\n<div id=\"attachment_1352\" style=\"width: 235px\" class=\"wp-caption aligncenter\"><a href=\"https:\/\/www.jimmy2.ch\/worldpress\/wp-content\/uploads\/2017\/10\/C6CFE17D-4966-4D47-88D0-770CEEFDB6E5-e1507566612564.jpeg\"><img loading=\"lazy\" decoding=\"async\" aria-describedby=\"caption-attachment-1352\" class=\"size-medium wp-image-1352\" src=\"https:\/\/www.jimmy2.ch\/worldpress\/wp-content\/uploads\/2017\/10\/C6CFE17D-4966-4D47-88D0-770CEEFDB6E5-e1507566612564-225x300.jpeg\" alt=\"\" width=\"225\" height=\"300\" srcset=\"https:\/\/www.jimmy2.ch\/worldpress\/wp-content\/uploads\/2017\/10\/C6CFE17D-4966-4D47-88D0-770CEEFDB6E5-e1507566612564-225x300.jpeg 225w, https:\/\/www.jimmy2.ch\/worldpress\/wp-content\/uploads\/2017\/10\/C6CFE17D-4966-4D47-88D0-770CEEFDB6E5-e1507566612564-768x1024.jpeg 768w\" sizes=\"auto, (max-width: 225px) 100vw, 225px\" \/><\/a><p id=\"caption-attachment-1352\" class=\"wp-caption-text\">Carthago Chic T47 Front<\/p><\/div>\n<p>&nbsp;<\/p>\n<p>&nbsp;<\/p>\n<div id=\"attachment_1351\" style=\"width: 310px\" class=\"wp-caption aligncenter\"><a href=\"https:\/\/www.jimmy2.ch\/worldpress\/wp-content\/uploads\/2017\/10\/0C5080CD-D2F9-4C9A-8239-5AA5701D0387.jpeg\"><img loading=\"lazy\" decoding=\"async\" aria-describedby=\"caption-attachment-1351\" class=\"size-medium wp-image-1351\" src=\"https:\/\/www.jimmy2.ch\/worldpress\/wp-content\/uploads\/2017\/10\/0C5080CD-D2F9-4C9A-8239-5AA5701D0387-300x225.jpeg\" alt=\"\" width=\"300\" height=\"225\" srcset=\"https:\/\/www.jimmy2.ch\/worldpress\/wp-content\/uploads\/2017\/10\/0C5080CD-D2F9-4C9A-8239-5AA5701D0387-300x225.jpeg 300w, https:\/\/www.jimmy2.ch\/worldpress\/wp-content\/uploads\/2017\/10\/0C5080CD-D2F9-4C9A-8239-5AA5701D0387-768x576.jpeg 768w, https:\/\/www.jimmy2.ch\/worldpress\/wp-content\/uploads\/2017\/10\/0C5080CD-D2F9-4C9A-8239-5AA5701D0387-1024x768.jpeg 1024w\" sizes=\"auto, (max-width: 300px) 100vw, 300px\" \/><\/a><p id=\"caption-attachment-1351\" class=\"wp-caption-text\">Seite rechts<\/p><\/div>\n<p>&nbsp;<\/p>\n<div id=\"attachment_1348\" style=\"width: 235px\" class=\"wp-caption aligncenter\"><a href=\"https:\/\/www.jimmy2.ch\/worldpress\/wp-content\/uploads\/2017\/10\/B53A017E-0354-4C93-BA94-33C6DB7CD6FE-e1507566574885.jpeg\"><img loading=\"lazy\" decoding=\"async\" aria-describedby=\"caption-attachment-1348\" class=\"size-medium wp-image-1348\" src=\"https:\/\/www.jimmy2.ch\/worldpress\/wp-content\/uploads\/2017\/10\/B53A017E-0354-4C93-BA94-33C6DB7CD6FE-e1507566574885-225x300.jpeg\" alt=\"\" width=\"225\" height=\"300\" srcset=\"https:\/\/www.jimmy2.ch\/worldpress\/wp-content\/uploads\/2017\/10\/B53A017E-0354-4C93-BA94-33C6DB7CD6FE-e1507566574885-225x300.jpeg 225w, https:\/\/www.jimmy2.ch\/worldpress\/wp-content\/uploads\/2017\/10\/B53A017E-0354-4C93-BA94-33C6DB7CD6FE-e1507566574885-768x1024.jpeg 768w\" sizes=\"auto, (max-width: 225px) 100vw, 225px\" \/><\/a><p id=\"caption-attachment-1348\" class=\"wp-caption-text\">Carthago Chic T 47 R\u00fcckseite mit Fahrradtr\u00e4ger<br \/>Fahrzeugbreite mit Spiegeln 235 cm<\/p><\/div>\n<p>&nbsp;<\/p>\n<p>&nbsp;<\/p>\n<p>&nbsp;<\/p>\n<p>&nbsp;<\/p>\n<p>&nbsp;<\/p>\n","protected":false},"excerpt":{"rendered":"<p>Juni 2023 Wir bekommen unseren Morelo Palace 88 LB &nbsp; Sonntag 9. August 2015 Ein wundersch\u00f6ner heisser Tag. Mein Schwager \/ Christas Bruder Franz und seine Frau Heidi sind seit ein paar Tagen bei uns zu Besuch. Bevor Sie wieder &hellip; <a href=\"https:\/\/www.jimmy2.ch\/worldpress\/unser-carthago-t47\/\">Continue reading <span class=\"meta-nav\">&rarr;<\/span><\/a><\/p>\n","protected":false},"author":1,"featured_media":0,"parent":0,"menu_order":2,"comment_status":"closed","ping_status":"closed","template":"","meta":{"footnotes":""},"class_list":["post-528","page","type-page","status-publish","hentry"],"_links":{"self":[{"href":"https:\/\/www.jimmy2.ch\/worldpress\/wp-json\/wp\/v2\/pages\/528","targetHints":{"allow":["GET"]}}],"collection":[{"href":"https:\/\/www.jimmy2.ch\/worldpress\/wp-json\/wp\/v2\/pages"}],"about":[{"href":"https:\/\/www.jimmy2.ch\/worldpress\/wp-json\/wp\/v2\/types\/page"}],"author":[{"embeddable":true,"href":"https:\/\/www.jimmy2.ch\/worldpress\/wp-json\/wp\/v2\/users\/1"}],"replies":[{"embeddable":true,"href":"https:\/\/www.jimmy2.ch\/worldpress\/wp-json\/wp\/v2\/comments?post=528"}],"version-history":[{"count":11,"href":"https:\/\/www.jimmy2.ch\/worldpress\/wp-json\/wp\/v2\/pages\/528\/revisions"}],"predecessor-version":[{"id":22336,"href":"https:\/\/www.jimmy2.ch\/worldpress\/wp-json\/wp\/v2\/pages\/528\/revisions\/22336"}],"wp:attachment":[{"href":"https:\/\/www.jimmy2.ch\/worldpress\/wp-json\/wp\/v2\/media?parent=528"}],"curies":[{"name":"wp","href":"https:\/\/api.w.org\/{rel}","templated":true}]}}