{"id":10109,"date":"2021-07-08T17:12:27","date_gmt":"2021-07-08T15:12:27","guid":{"rendered":"http:\/\/www.jimmy2.ch\/worldpress\/?page_id=10109"},"modified":"2021-11-09T12:23:32","modified_gmt":"2021-11-09T10:23:32","slug":"stellplaetze-parkplaetze","status":"publish","type":"page","link":"https:\/\/www.jimmy2.ch\/worldpress\/stellplaetze-parkplaetze\/","title":{"rendered":"Stellpl\u00e4tze \/ Parkpl\u00e4tze"},"content":{"rendered":"\n<p>Mit dem unten stehenden Link kann eine Google-Maps-Karte ge\u00f6ffnet werden auf der die von uns angefahrenen Stell- und Parkpl\u00e4tze verzeichnet sind. <\/p>\n\n\n\n<p>Zur Zeit ist die Kart noch im Aufbau.<\/p>\n\n\n\n<p><\/p>\n\n\n\n<p><a rel=\"noreferrer noopener\" href=\"https:\/\/www.google.com\/maps\/d\/edit?mid=1Yova29ZBh9RuPgDIdfsvm7bZm__ETgNW&amp;usp=sharing\" target=\"_blank\">Stellpl\u00e4tze \/ Parkpl\u00e4tze die wir angefahren habe<\/a>n<\/p>\n","protected":false},"excerpt":{"rendered":"<p>Mit dem unten stehenden Link kann eine Google-Maps-Karte ge\u00f6ffnet werden auf der die von uns angefahrenen Stell- und Parkpl\u00e4tze verzeichnet sind. Zur Zeit ist die Kart noch im Aufbau. Stellpl\u00e4tze \/ Parkpl\u00e4tze die wir angefahren haben<\/p>\n","protected":false},"author":1,"featured_media":0,"parent":0,"menu_order":0,"comment_status":"closed","ping_status":"closed","template":"","meta":{"footnotes":""},"class_list":["post-10109","page","type-page","status-publish","hentry"],"_links":{"self":[{"href":"https:\/\/www.jimmy2.ch\/worldpress\/wp-json\/wp\/v2\/pages\/10109","targetHints":{"allow":["GET"]}}],"collection":[{"href":"https:\/\/www.jimmy2.ch\/worldpress\/wp-json\/wp\/v2\/pages"}],"about":[{"href":"https:\/\/www.jimmy2.ch\/worldpress\/wp-json\/wp\/v2\/types\/page"}],"author":[{"embeddable":true,"href":"https:\/\/www.jimmy2.ch\/worldpress\/wp-json\/wp\/v2\/users\/1"}],"replies":[{"embeddable":true,"href":"https:\/\/www.jimmy2.ch\/worldpress\/wp-json\/wp\/v2\/comments?post=10109"}],"version-history":[{"count":5,"href":"https:\/\/www.jimmy2.ch\/worldpress\/wp-json\/wp\/v2\/pages\/10109\/revisions"}],"predecessor-version":[{"id":11780,"href":"https:\/\/www.jimmy2.ch\/worldpress\/wp-json\/wp\/v2\/pages\/10109\/revisions\/11780"}],"wp:attachment":[{"href":"https:\/\/www.jimmy2.ch\/worldpress\/wp-json\/wp\/v2\/media?parent=10109"}],"curies":[{"name":"wp","href":"https:\/\/api.w.org\/{rel}","templated":true}]}}